{"id":16,"date":"2019-01-24T16:22:00","date_gmt":"2019-01-24T15:22:00","guid":{"rendered":"http:\/\/autoeconettoyage.fr\/?page_id=16"},"modified":"2022-12-05T14:30:38","modified_gmt":"2022-12-05T13:30:38","slug":"accueil","status":"publish","type":"page","link":"https:\/\/www.autoeconettoyage.fr\/","title":{"rendered":"Accueil"},"content":{"rendered":"<p>Bienvenue sur le site.<\/p>\n<p>Je me d\u00e9place \u00e0 votre domicile ou sur votre lieu de travail pour nettoyer votre v\u00e9hicule. Sur les secteurs de :<\/p>\n<ul>\n<li>Le pays Roussillonnais<\/li>\n<li>Vienne et alentours<\/li>\n<li>Secteur d&rsquo;Annonay<\/li>\n<li>Secteur de Beaurepaire<\/li>\n<\/ul>\n<p>Le camion atelier \u00e9quiper avec nettoyage vapeur en production autonome, pas de branchement d&rsquo;eau n\u00e9cessaire. N\u00e9cessite seulement une prise de courant pour faire fonctionner l&rsquo;aspirateur.<\/p>\n<p>Utilisation de produits professionnels \u00e9cologique.<\/p>\n","protected":false},"excerpt":{"rendered":"<p>Bienvenue sur le site. Je me d\u00e9place \u00e0 votre domicile ou sur votre lieu de travail pour nettoyer votre v\u00e9hicule. Sur les secteurs de : Le pays Roussillonnais Vienne et alentours Secteur d&rsquo;Annonay Secteur de Beaurepaire Le camion atelier \u00e9quiper avec nettoyage vapeur en production autonome, pas de branchement d&rsquo;eau n\u00e9cessaire. N\u00e9cessite seulement une prise &hellip; <a href=\"https:\/\/www.autoeconettoyage.fr\/\" class=\"more-link\">Continuer la lecture de <span class=\"screen-reader-text\">Accueil<\/span>  <span class=\"meta-nav\">&rarr;<\/span><\/a><\/p>\n","protected":false},"author":1,"featured_media":0,"parent":0,"menu_order":0,"comment_status":"closed","ping_status":"closed","template":"","meta":{"footnotes":""},"class_list":["post-16","page","type-page","status-publish","hentry"],"_links":{"self":[{"href":"https:\/\/www.autoeconettoyage.fr\/index.php\/wp-json\/wp\/v2\/pages\/16","targetHints":{"allow":["GET"]}}],"collection":[{"href":"https:\/\/www.autoeconettoyage.fr\/index.php\/wp-json\/wp\/v2\/pages"}],"about":[{"href":"https:\/\/www.autoeconettoyage.fr\/index.php\/wp-json\/wp\/v2\/types\/page"}],"author":[{"embeddable":true,"href":"https:\/\/www.autoeconettoyage.fr\/index.php\/wp-json\/wp\/v2\/users\/1"}],"replies":[{"embeddable":true,"href":"https:\/\/www.autoeconettoyage.fr\/index.php\/wp-json\/wp\/v2\/comments?post=16"}],"version-history":[{"count":6,"href":"https:\/\/www.autoeconettoyage.fr\/index.php\/wp-json\/wp\/v2\/pages\/16\/revisions"}],"predecessor-version":[{"id":135,"href":"https:\/\/www.autoeconettoyage.fr\/index.php\/wp-json\/wp\/v2\/pages\/16\/revisions\/135"}],"wp:attachment":[{"href":"https:\/\/www.autoeconettoyage.fr\/index.php\/wp-json\/wp\/v2\/media?parent=16"}],"curies":[{"name":"wp","href":"https:\/\/api.w.org\/{rel}","templated":true}]}}